{"id":1926,"date":"2025-03-13T21:17:12","date_gmt":"2025-03-13T19:17:12","guid":{"rendered":"https:\/\/essnetz.com\/?page_id=1926"},"modified":"2025-05-05T19:52:43","modified_gmt":"2025-05-05T17:52:43","slug":"withdrawl-policy","status":"publish","type":"page","link":"https:\/\/essnetz.com\/home\/de\/withdrawl-policy\/","title":{"rendered":"Withdrawl Policy"},"content":{"rendered":"<h1><b>Widerrufsrecht<\/b><\/h1>\n<h2><b>1. Widerrufsrecht<\/b><\/h2>\n<p>Als Verbraucher haben Sie das Recht, Ihren Abonnementvertrag mit EssNetz GmbH innerhalb von 14 Tagen ohne Angabe von Gr\u00fcnden zu widerrufen.<\/p>\n<h3><b>Widerrufsfrist<\/b><\/h3>\n<ul>\n<li style=\"font-weight: 400;\" aria-level=\"1\">Die Widerrufsfrist betr\u00e4gt 14 Tage ab dem Tag des Vertragsschlusses (Datum des Abonnementbeginns).<\/li>\n<\/ul>\n<h3><b>Wie Sie Ihr Widerrufsrecht aus\u00fcben k\u00f6nnen<\/b><\/h3>\n<p>Um von Ihrem Widerrufsrecht Gebrauch zu machen, m\u00fcssen Sie uns eine eindeutige schriftliche Erkl\u00e4rung (z. B. per E-Mail oder Brief) zukommen lassen, in der Sie Ihren Entschluss zum Widerruf mitteilen.<\/p>\n<p>Widerrufskontakt:<br \/>\nEssNetz GmbH<br \/>\nKoblenzer Stra\u00dfe 85, 56218 M\u00fclheim-K\u00e4rlich, Deutschland<br \/>\nE-Mail: support@essnetz.de<\/p>\n<p>Sie k\u00f6nnen daf\u00fcr das Muster-Widerrufsformular am Ende dieser Richtlinie verwenden, dies ist jedoch nicht zwingend erforderlich.<\/p>\n<h3><b>Folgen des Widerrufs<\/b><\/h3>\n<p>Wenn Sie innerhalb der 14-t\u00e4gigen Frist vom Vertrag zur\u00fccktreten:<\/p>\n<ul>\n<li style=\"font-weight: 400;\" aria-level=\"1\">Erstatten wir Ihnen alle von Ihnen geleisteten Zahlungen, einschlie\u00dflich der Abonnementgeb\u00fchren, au\u00dfer f\u00fcr bereits gelieferte oder vorbereitete Mahlzeiten.<\/li>\n<li style=\"font-weight: 400;\" aria-level=\"1\">Die R\u00fcckerstattung erfolgt innerhalb von 14 Tagen nach Eingang Ihrer Widerrufserkl\u00e4rung.<\/li>\n<li style=\"font-weight: 400;\" aria-level=\"1\">Die R\u00fcckzahlung erfolgt mit demselben Zahlungsmittel, das Sie bei der urspr\u00fcnglichen Transaktion verwendet haben, es sei denn, es wurde ausdr\u00fccklich etwas anderes vereinbart.<\/li>\n<\/ul>\n<h3><b>Ausnahmen vom Widerrufsrecht<\/b><\/h3>\n<p>Das Widerrufsrecht ist in folgenden F\u00e4llen ausgeschlossen:<\/p>\n<ol>\n<li style=\"font-weight: 400;\" aria-level=\"1\">Wenn der Widerruf nach Ablauf der 14-Tage-Frist erfolgt.<\/li>\n<li style=\"font-weight: 400;\" aria-level=\"1\">Wenn Mahlzeiten bereits geliefert und konsumiert wurden.<\/li>\n<li style=\"font-weight: 400;\" aria-level=\"1\">Wenn eine Mahlzeit vor Eingang der Widerrufserkl\u00e4rung speziell f\u00fcr die Lieferung vorbereitet wurde.<\/li>\n<\/ol>\n<h2><b>Muster-Widerrufsformular<\/b><\/h2>\n<p><i><span style=\"font-weight: 400;\">(Dieses Formular nur ausf\u00fcllen und zur\u00fccksenden, wenn Sie den Vertrag widerrufen m\u00f6chten.)<\/span><\/i><\/p>\n<p><b>To:<\/b><span style=\"font-weight: 400;\"> An: EssNetz GmbH, Koblenzer Stra\u00dfe 85, 56218 M\u00fclheim-K\u00e4rlich, Deutschland<\/span><span style=\"font-weight: 400;\"><br \/>\n<\/span><span style=\"font-weight: 400;\">E-Mail: <\/span><b>support@essnetz.de<\/b><\/p>\n<p><span style=\"font-weight: 400;\">Hiermit widerrufe ich den mit EssNetz GmbH abgeschlossenen Vertrag.<\/span><\/p>\n<ul>\n<li style=\"font-weight: 400;\" aria-level=\"1\"><b>Name:<\/b><\/li>\n<li style=\"font-weight: 400;\" aria-level=\"1\"><b>Adresse:<\/b><\/li>\n<li style=\"font-weight: 400;\" aria-level=\"1\"><b>E-Mail, mit der das Abonnement abgeschlossen wurde:<\/b><\/li>\n<li style=\"font-weight: 400;\" aria-level=\"1\"><b>Datum des Abonnements:<\/b><\/li>\n<li style=\"font-weight: 400;\" aria-level=\"1\"><b>Datum des Widerrufs:<\/b><\/li>\n<\/ul>\n<p><b>Unterschrift (nur bei schriftlichem Widerruf per Post erforderlich):<\/b><\/p>","protected":false},"excerpt":{"rendered":"<p>Right of Withdrawal 1. Right of Withdrawal As a consumer, you have the right to withdraw from your subscription contract with EssNetz GmbH within 14 days without giving any reason. Withdrawal Period The withdrawal period is 14 days from the date of contract conclusion (subscription start date). How to Exercise Your Right of Withdrawal To [&hellip;]<\/p>","protected":false},"author":6,"featured_media":0,"parent":0,"menu_order":0,"comment_status":"closed","ping_status":"closed","template":"","meta":{"_surecart_dashboard_logo_width":"180px","_surecart_dashboard_show_logo":true,"_surecart_dashboard_navigation_orders":true,"_surecart_dashboard_navigation_invoices":true,"_surecart_dashboard_navigation_subscriptions":true,"_surecart_dashboard_navigation_downloads":true,"_surecart_dashboard_navigation_billing":true,"_surecart_dashboard_navigation_account":true,"wprm-recipe-roundup-name":"","wprm-recipe-roundup-description":"","footnotes":""},"class_list":["post-1926","page","type-page","status-publish","hentry"],"_links":{"self":[{"href":"https:\/\/essnetz.com\/home\/de\/wp-json\/wp\/v2\/pages\/1926","targetHints":{"allow":["GET"]}}],"collection":[{"href":"https:\/\/essnetz.com\/home\/de\/wp-json\/wp\/v2\/pages"}],"about":[{"href":"https:\/\/essnetz.com\/home\/de\/wp-json\/wp\/v2\/types\/page"}],"author":[{"embeddable":true,"href":"https:\/\/essnetz.com\/home\/de\/wp-json\/wp\/v2\/users\/6"}],"replies":[{"embeddable":true,"href":"https:\/\/essnetz.com\/home\/de\/wp-json\/wp\/v2\/comments?post=1926"}],"version-history":[{"count":3,"href":"https:\/\/essnetz.com\/home\/de\/wp-json\/wp\/v2\/pages\/1926\/revisions"}],"predecessor-version":[{"id":2211,"href":"https:\/\/essnetz.com\/home\/de\/wp-json\/wp\/v2\/pages\/1926\/revisions\/2211"}],"wp:attachment":[{"href":"https:\/\/essnetz.com\/home\/de\/wp-json\/wp\/v2\/media?parent=1926"}],"curies":[{"name":"wp","href":"https:\/\/api.w.org\/{rel}","templated":true}]}}