{"id":1744,"date":"2025-02-05T21:33:35","date_gmt":"2025-02-05T19:33:35","guid":{"rendered":"https:\/\/essnetz.com\/?page_id=1744"},"modified":"2025-10-29T00:30:47","modified_gmt":"2025-10-28T22:30:47","slug":"impressum","status":"publish","type":"page","link":"https:\/\/essnetz.com\/home\/de\/impressum\/","title":{"rendered":"Impressum"},"content":{"rendered":"<p><b>Firmenname<\/b><span style=\"font-weight: 400;\">:<\/span><\/p>\n<p><span style=\"font-weight: 400;\">EssNetz GmbH<\/span><\/p>\n<p><b>Adresse:<\/b><span style=\"font-weight: 400;\">:<\/span><\/p>\n<p><span style=\"font-weight: 400;\">Koblenzer Stra\u00dfe 85<\/span><\/p>\n<p><span style=\"font-weight: 400;\">56218 M\u00fclheim-K\u00e4rlich<\/span><\/p>\n<p><span style=\"font-weight: 400;\">Germany<\/span><\/p>\n<p><b>Kontaktinformationen:<\/b><span style=\"font-weight: 400;\">:<\/span><\/p>\n<p><span style=\"font-weight: 400;\">E-Mail: support@essnetz.de<\/span><\/p>\n<p><b>Umsatzsteuer-Identifikationsnummer:<\/b><span style=\"font-weight: 400;\">:<\/span><\/p>\n<p><span data-teams=\"true\">DE453600804<\/span><\/p>\n<p><b>Handelsregister:<\/b><span style=\"font-weight: 400;\">:<\/span><\/p>\n<p><span style=\"font-weight: 400;\">Traderegister of the muncipal court of Koblenz: <\/span><span style=\"font-weight: 400;\">HRB30822.<\/span><\/p>\n<p><b>Haftungsausschluss<\/b><span style=\"font-weight: 400;\">:<\/span><\/p>\n<p><span style=\"font-weight: 400;\">Haftung f\u00fcr Inhalte<\/span><\/p>\n<p><span style=\"font-weight: 400;\">Haftung f\u00fcr Inhalte\nDie Inhalte unserer Seiten wurden mit gr\u00f6\u00dfter Sorgfalt erstellt. F\u00fcr die Richtigkeit, Vollst\u00e4ndigkeit und Aktualit\u00e4t der Inhalte k\u00f6nnen wir jedoch keine Gew\u00e4hr \u00fcbernehmen. Als Diensteanbieter sind wir gem\u00e4\u00df den allgemeinen Gesetzen f\u00fcr eigene Inhalte auf diesen Seiten verantwortlich. Diensteanbieter sind jedoch nicht verpflichtet, die von ihnen \u00fcbermittelten oder gespeicherten fremden Informationen zu \u00fcberwachen oder nach Umst\u00e4nden zu forschen, die auf eine rechtswidrige T\u00e4tigkeit hinweisen.<\/span><\/p>\n<p><span style=\"font-weight: 400;\">Haftung f\u00fcr Links<\/span><\/p>\n<p><span style=\"font-weight: 400;\">Unser Angebot enth\u00e4lt Links zu externen Webseiten Dritter, auf deren Inhalte wir keinen Einfluss haben. Deshalb k\u00f6nnen wir f\u00fcr diese fremden Inhalte auch keine Gew\u00e4hr \u00fcbernehmen. F\u00fcr die Inhalte der verlinkten Seiten ist stets der jeweilige Anbieter oder Betreiber der Seiten verantwortlich.<\/span><\/p>","protected":false},"excerpt":{"rendered":"<p>Company Name: EssNetz GmbH Address: Koblenzer Stra\u00dfe 85 56218 M\u00fclheim-K\u00e4rlich Germany Contact Information: Email: support@essnetz.de VAT Number: DE453600804 Company Registration: Traderegister of the muncipal court of Koblenz: HRB30822. Disclaimer: Liability for content The contents of our pages were created with great care. However, we cannot guarantee the accuracy, completeness, or timeliness of the content. As [&hellip;]<\/p>","protected":false},"author":2,"featured_media":0,"parent":0,"menu_order":0,"comment_status":"closed","ping_status":"closed","template":"","meta":{"_surecart_dashboard_logo_width":"180px","_surecart_dashboard_show_logo":true,"_surecart_dashboard_navigation_orders":true,"_surecart_dashboard_navigation_invoices":true,"_surecart_dashboard_navigation_subscriptions":true,"_surecart_dashboard_navigation_downloads":true,"_surecart_dashboard_navigation_billing":true,"_surecart_dashboard_navigation_account":true,"wprm-recipe-roundup-name":"","wprm-recipe-roundup-description":"","footnotes":""},"class_list":["post-1744","page","type-page","status-publish","hentry"],"_links":{"self":[{"href":"https:\/\/essnetz.com\/home\/de\/wp-json\/wp\/v2\/pages\/1744","targetHints":{"allow":["GET"]}}],"collection":[{"href":"https:\/\/essnetz.com\/home\/de\/wp-json\/wp\/v2\/pages"}],"about":[{"href":"https:\/\/essnetz.com\/home\/de\/wp-json\/wp\/v2\/types\/page"}],"author":[{"embeddable":true,"href":"https:\/\/essnetz.com\/home\/de\/wp-json\/wp\/v2\/users\/2"}],"replies":[{"embeddable":true,"href":"https:\/\/essnetz.com\/home\/de\/wp-json\/wp\/v2\/comments?post=1744"}],"version-history":[{"count":3,"href":"https:\/\/essnetz.com\/home\/de\/wp-json\/wp\/v2\/pages\/1744\/revisions"}],"predecessor-version":[{"id":5269,"href":"https:\/\/essnetz.com\/home\/de\/wp-json\/wp\/v2\/pages\/1744\/revisions\/5269"}],"wp:attachment":[{"href":"https:\/\/essnetz.com\/home\/de\/wp-json\/wp\/v2\/media?parent=1744"}],"curies":[{"name":"wp","href":"https:\/\/api.w.org\/{rel}","templated":true}]}}