{"id":1207,"date":"2018-11-15T11:08:38","date_gmt":"2018-11-15T11:08:38","guid":{"rendered":"http:\/\/demo.acmethemes.com\/restaurant-recipe\/?page_id=27"},"modified":"2025-01-13T21:24:36","modified_gmt":"2025-01-13T19:24:36","slug":"about","status":"publish","type":"page","link":"https:\/\/essnetz.com\/home\/de\/about\/","title":{"rendered":"\u00dcber uns"},"content":{"rendered":"<div id=\"pl-1207\"  class=\"panel-layout\" ><div id=\"pg-1207-0\"  class=\"panel-grid panel-no-style\" ><div id=\"pgc-1207-0-0\"  class=\"panel-grid-cell\" ><div id=\"panel-1207-0-0-0\" class=\"so-panel widget widget_restaurant_recipe_about panel-first-child panel-last-child\" data-index=\"0\" >            <section id=\"restaurant_recipe_about-7\" class=\"at-widgets at-feature-about\">\r\n                <div class=\"container\">\r\n                    <div class=\"row\">\r\n                                                    <div class=\"col-sm-6 init-animate zoomIn\">\r\n                                <div class=\"at-feature-about-img\">\r\n                                    <img decoding=\"async\" src=\"https:\/\/essnetz.com\/wp-content\/uploads\/2025\/01\/Untitled-design-14.png\">\r\n                                <\/div>\r\n                            <\/div>\r\n                                                    <div class=\"col-sm-6\">\r\n                            <div class='at-widget-title-wrapper'><h3 class=\"widget-title\">\u00dcber unsere Geschichte<\/h3>                                    <p class=\"at-subtitle init-animate zoomIn\">Wir sind eine Gruppe leidenschaftlicher Studenten und Berufst\u00e4tiger, die sich einer gro\u00dfen Herausforderung stellen - und so wurde Essnetz geboren. Als Auswanderer mit einer tiefen Wertsch\u00e4tzung f\u00fcr Lebensmittel und deren Kraft, zu verbinden, haben wir es uns zur Aufgabe gemacht, etwas wirklich Sinnvolles auf den Tisch zu bringen. Sind Sie neugierig auf mehr? Wir nehmen Sie mit auf die Reise!<\/p>\r\n\t\t                            <\/div><p class='init-animate zoomIn'>In unserem hektischen Leben haben wir oft den Sinn des Ganzen vergessen: Wir arbeiten, um zu leben, und leben nicht, um zu arbeiten. In der heutigen schnelllebigen Welt ist es wichtiger denn je, auf gutes Essen Wert zu legen, ohne sich den Stress des st\u00e4ndigen Kochens oder der l\u00e4stigen Bestellung antun zu m\u00fcssen. \n\nWie w\u00e4re es, wenn Sie einen Service abonnieren k\u00f6nnten, der Ihnen k\u00f6stliche, gesunde Mahlzeiten direkt nach Hause bringt - kein Kochen, keine Bestellung, nur tolles Essen, das direkt vor Ihrer Haust\u00fcr steht? Klingt wie ein Traum, nicht wahr?<\/p>                        <\/div>\r\n                    <\/div>\r\n                <\/div>\r\n            <\/section>\r\n            <\/div><\/div><\/div><\/div>","protected":false},"excerpt":{"rendered":"<p>About our story We are a group of passionate students and professionals driven to tackle a significant challenge\u2014and that&#8217;s how Essnetz was born. As expats with a deep appreciation for food and its power to connect, we\u2019ve made it our mission to bring something truly meaningful to the table. Curious to learn more? Let\u2019s take [&hellip;]<\/p>","protected":false},"author":1,"featured_media":0,"parent":0,"menu_order":0,"comment_status":"closed","ping_status":"closed","template":"page-templates\/template-builder.php","meta":{"_surecart_dashboard_logo_width":"180px","_surecart_dashboard_show_logo":true,"_surecart_dashboard_navigation_orders":true,"_surecart_dashboard_navigation_invoices":true,"_surecart_dashboard_navigation_subscriptions":true,"_surecart_dashboard_navigation_downloads":true,"_surecart_dashboard_navigation_billing":true,"_surecart_dashboard_navigation_account":true,"wprm-recipe-roundup-name":"","wprm-recipe-roundup-description":"","footnotes":""},"class_list":["post-1207","page","type-page","status-publish","hentry"],"_links":{"self":[{"href":"https:\/\/essnetz.com\/home\/de\/wp-json\/wp\/v2\/pages\/1207","targetHints":{"allow":["GET"]}}],"collection":[{"href":"https:\/\/essnetz.com\/home\/de\/wp-json\/wp\/v2\/pages"}],"about":[{"href":"https:\/\/essnetz.com\/home\/de\/wp-json\/wp\/v2\/types\/page"}],"author":[{"embeddable":true,"href":"https:\/\/essnetz.com\/home\/de\/wp-json\/wp\/v2\/users\/1"}],"replies":[{"embeddable":true,"href":"https:\/\/essnetz.com\/home\/de\/wp-json\/wp\/v2\/comments?post=1207"}],"version-history":[{"count":4,"href":"https:\/\/essnetz.com\/home\/de\/wp-json\/wp\/v2\/pages\/1207\/revisions"}],"predecessor-version":[{"id":1454,"href":"https:\/\/essnetz.com\/home\/de\/wp-json\/wp\/v2\/pages\/1207\/revisions\/1454"}],"wp:attachment":[{"href":"https:\/\/essnetz.com\/home\/de\/wp-json\/wp\/v2\/media?parent=1207"}],"curies":[{"name":"wp","href":"https:\/\/api.w.org\/{rel}","templated":true}]}}