{"id":1197,"date":"2018-11-15T11:19:04","date_gmt":"2018-11-15T11:19:04","guid":{"rendered":"http:\/\/demo.acmethemes.com\/restaurant-recipe\/?page_id=52"},"modified":"2025-04-25T15:50:46","modified_gmt":"2025-04-25T13:50:46","slug":"home-delivery","status":"publish","type":"page","link":"https:\/\/essnetz.com\/home\/de\/home-delivery\/","title":{"rendered":"Wir liefern es Ihnen"},"content":{"rendered":"<p>Lehnen Sie sich zur\u00fcck und entspannen Sie sich, w\u00e4hrend wir Ihre frisch zubereiteten Mahlzeiten direkt an Ihre T\u00fcr liefern. Ob zu Hause oder im B\u00fcro, bei Regen oder Sonnenschein \u2013 wir k\u00fcmmern uns darum!<\/p>","protected":false},"excerpt":{"rendered":"<p>Lorem ipsum dolor sit amet, consectetur adipiscing elit. Donec aliquet dolor libero,<\/p>","protected":false},"author":1,"featured_media":0,"parent":0,"menu_order":0,"comment_status":"closed","ping_status":"closed","template":"","meta":{"_surecart_dashboard_logo_width":"180px","_surecart_dashboard_show_logo":true,"_surecart_dashboard_navigation_orders":true,"_surecart_dashboard_navigation_invoices":true,"_surecart_dashboard_navigation_subscriptions":true,"_surecart_dashboard_navigation_downloads":true,"_surecart_dashboard_navigation_billing":true,"_surecart_dashboard_navigation_account":true,"wprm-recipe-roundup-name":"","wprm-recipe-roundup-description":"","footnotes":""},"class_list":["post-1197","page","type-page","status-publish","hentry"],"_links":{"self":[{"href":"https:\/\/essnetz.com\/home\/de\/wp-json\/wp\/v2\/pages\/1197","targetHints":{"allow":["GET"]}}],"collection":[{"href":"https:\/\/essnetz.com\/home\/de\/wp-json\/wp\/v2\/pages"}],"about":[{"href":"https:\/\/essnetz.com\/home\/de\/wp-json\/wp\/v2\/types\/page"}],"author":[{"embeddable":true,"href":"https:\/\/essnetz.com\/home\/de\/wp-json\/wp\/v2\/users\/1"}],"replies":[{"embeddable":true,"href":"https:\/\/essnetz.com\/home\/de\/wp-json\/wp\/v2\/comments?post=1197"}],"version-history":[{"count":2,"href":"https:\/\/essnetz.com\/home\/de\/wp-json\/wp\/v2\/pages\/1197\/revisions"}],"predecessor-version":[{"id":1436,"href":"https:\/\/essnetz.com\/home\/de\/wp-json\/wp\/v2\/pages\/1197\/revisions\/1436"}],"wp:attachment":[{"href":"https:\/\/essnetz.com\/home\/de\/wp-json\/wp\/v2\/media?parent=1197"}],"curies":[{"name":"wp","href":"https:\/\/api.w.org\/{rel}","templated":true}]}}