{"id":1175,"date":"2018-11-15T11:42:46","date_gmt":"2018-11-15T11:42:46","guid":{"rendered":"http:\/\/demo.acmethemes.com\/restaurant-recipe\/?page_id=98"},"modified":"2025-01-13T20:33:59","modified_gmt":"2025-01-13T18:33:59","slug":"delivery","status":"publish","type":"page","link":"https:\/\/essnetz.com\/home\/de\/delivery\/","title":{"rendered":"Komfort"},"content":{"rendered":"<p>Genie\u00dfen Sie die Bequemlichkeit des Essens mit unseren k\u00f6stlichen Mahlzeiten - perfekt f\u00fcr entspannte Abende zu Hause oder hektische Tage im B\u00fcro. Egal, ob Sie Student oder vielbesch\u00e4ftigter Berufst\u00e4tiger sind, mit unseren Abonnements k\u00f6nnen Sie ganz einfach Komfort genie\u00dfen, ohne sich zu qu\u00e4len.<\/p>\n\n\n\n<p><\/p>","protected":false},"excerpt":{"rendered":"<p>Genie\u00dfen Sie die Bequemlichkeit des Essens mit unseren k\u00f6stlichen Mahlzeiten - perfekt f\u00fcr entspannte Abende zu Hause oder hektische Tage im B\u00fcro. Egal, ob Sie Student oder vielbesch\u00e4ftigter Berufst\u00e4tiger sind, mit unseren Abonnements k\u00f6nnen Sie ganz einfach Komfort genie\u00dfen, ohne sich zu qu\u00e4len.<\/p>","protected":false},"author":1,"featured_media":0,"parent":0,"menu_order":0,"comment_status":"closed","ping_status":"closed","template":"","meta":{"_surecart_dashboard_logo_width":"180px","_surecart_dashboard_show_logo":true,"_surecart_dashboard_navigation_orders":true,"_surecart_dashboard_navigation_invoices":true,"_surecart_dashboard_navigation_subscriptions":true,"_surecart_dashboard_navigation_downloads":true,"_surecart_dashboard_navigation_billing":true,"_surecart_dashboard_navigation_account":true,"wprm-recipe-roundup-name":"","wprm-recipe-roundup-description":"","footnotes":""},"class_list":["post-1175","page","type-page","status-publish","hentry"],"_links":{"self":[{"href":"https:\/\/essnetz.com\/home\/de\/wp-json\/wp\/v2\/pages\/1175","targetHints":{"allow":["GET"]}}],"collection":[{"href":"https:\/\/essnetz.com\/home\/de\/wp-json\/wp\/v2\/pages"}],"about":[{"href":"https:\/\/essnetz.com\/home\/de\/wp-json\/wp\/v2\/types\/page"}],"author":[{"embeddable":true,"href":"https:\/\/essnetz.com\/home\/de\/wp-json\/wp\/v2\/users\/1"}],"replies":[{"embeddable":true,"href":"https:\/\/essnetz.com\/home\/de\/wp-json\/wp\/v2\/comments?post=1175"}],"version-history":[{"count":2,"href":"https:\/\/essnetz.com\/home\/de\/wp-json\/wp\/v2\/pages\/1175\/revisions"}],"predecessor-version":[{"id":1431,"href":"https:\/\/essnetz.com\/home\/de\/wp-json\/wp\/v2\/pages\/1175\/revisions\/1431"}],"wp:attachment":[{"href":"https:\/\/essnetz.com\/home\/de\/wp-json\/wp\/v2\/media?parent=1175"}],"curies":[{"name":"wp","href":"https:\/\/api.w.org\/{rel}","templated":true}]}}